{"id":7884,"date":"2023-08-01T16:55:25","date_gmt":"2023-08-01T14:55:25","guid":{"rendered":"https:\/\/www.guerrerogarces.cl\/?page_id=7884"},"modified":"2025-12-03T20:27:42","modified_gmt":"2025-12-03T19:27:42","slug":"responsabilidad-social","status":"publish","type":"page","link":"https:\/\/www.guerrerogarces.cl\/en\/responsabilidad-social\/","title":{"rendered":"Corporate Social Responsibility"},"content":{"rendered":"<div data-elementor-type=\"wp-page\" data-elementor-id=\"7884\" class=\"elementor elementor-7884\">\n\t\t\t\t\t\t\t        <section class=\"elementor-section elementor-top-section elementor-element elementor-element-a856b0c elementor-section-boxed elementor-section-height-default elementor-section-height-default pxl-row-scroll-none pxl-show-grid-none pxl-section-bg-none\" data-id=\"a856b0c\" data-element_type=\"section\">\n\n                \n                <div class=\"elementor-container elementor-column-gap-default\">\n                <div class=\"elementor-column elementor-col-100 elementor-top-column elementor-element elementor-element-659444f pxl-column-none\" data-id=\"659444f\" data-element_type=\"column\">\r\n            <div class=\"elementor-widget-wrap elementor-element-populated\">\r\n                                    \t\t<div class=\"elementor-element elementor-element-b65d4e8 elementor-widget elementor-widget-pxl_heading\" data-id=\"b65d4e8\" data-element_type=\"widget\" data-widget_type=\"pxl_heading.default\">\n\t\t\t\t<div class=\"elementor-widget-container\">\n\t\t\t<div class=\"pxl-heading\">\n\t<div class=\"pxl-heading--inner\">\n\t\t\t\t\t<div class=\"pxl-item--subtitle\" data-wow-delay=\"ms\" data-wow-duration=\"1.2s\"><span>COMMITMENT TO OUR ENVIRONMENT AND THE COMMUNITY<\/span><\/div>\n\t\t\t\t<h2 class=\"pxl-item--title style1 divider-none\" data-wow-delay=\"ms\" data-wow-duration=\"1.2s\">\n\t\t\t\t\t\t\t\t<\/h2>\n\t<\/div>\n<\/div>\n\t\t<\/div>\n\t\t\t\t<\/div>\n\t\t\t\t<div class=\"elementor-element elementor-element-8f5f7a1 elementor-widget elementor-widget-pxl_text_editor\" data-id=\"8f5f7a1\" data-element_type=\"widget\" data-widget_type=\"pxl_text_editor.default\">\n\t\t\t\t<div class=\"elementor-widget-container\">\n\t\t\t<div class=\"pxl-text-editor\" data-wow-delay=\"ms\" data-wow-duration=\"1.2s\">\n\t<div class=\"pxl-item--inner\">\n\t\tWe believe that every project should consider, as part of its objectives, a commitment to our environment and the community. For this reason, our team actively advises foundations and other non-profit organizations, as well as our clients - individuals and companies - in their sponsorship activities, philanthropy, and investments with social impact.\t<\/div>\n<\/div>\n\t\t<\/div>\n\t\t\t\t<\/div>\n\t\t\t\t<div class=\"elementor-element elementor-element-efed0f7 elementor-widget elementor-widget-pxl_image\" data-id=\"efed0f7\" data-element_type=\"widget\" data-widget_type=\"pxl_image.default\">\n\t\t\t\t<div class=\"elementor-widget-container\">\n\t\t\t<div class=\"pxl-image-single pxl-image-single1  divider-top\" data-wow-delay=\"ms\" data-wow-duration=\"1.2s\">\r\n                        <div class=\"pxl-item--inner\">\r\n                                    <img fetchpriority=\"high\" decoding=\"async\" width=\"2560\" height=\"1827\" src=\"https:\/\/i0.wp.com\/www.guerrerogarces.cl\/wp-content\/uploads\/2025\/12\/GG.png?fit=2560%2C1827&amp;ssl=1\" class=\"no-lazyload attachment-full\" alt=\"\" \/>                            <\/div>\r\n                <\/div>\t\t<\/div>\n\t\t\t\t<\/div>\n\t\t        <section class=\"elementor-section elementor-inner-section elementor-element elementor-element-c25a51e elementor-section-boxed elementor-section-height-default elementor-section-height-default pxl-row-scroll-none pxl-show-grid-none pxl-section-bg-none\" data-id=\"c25a51e\" data-element_type=\"section\">\n\n                \n                <div class=\"elementor-container elementor-column-gap-no\">\n                <div class=\"elementor-column elementor-col-50 elementor-inner-column elementor-element elementor-element-ecbff8c pxl-column-none\" data-id=\"ecbff8c\" data-element_type=\"column\">\r\n            <div class=\"elementor-widget-wrap elementor-element-populated\">\r\n                                    \t\t<div class=\"elementor-element elementor-element-55376d7 elementor-widget elementor-widget-pxl_heading\" data-id=\"55376d7\" data-element_type=\"widget\" data-widget_type=\"pxl_heading.default\">\n\t\t\t\t<div class=\"elementor-widget-container\">\n\t\t\t<div class=\"pxl-heading\">\n\t<div class=\"pxl-heading--inner\">\n\t\t\t\t<h3 class=\"pxl-item--title style1 divider-none pxl-split-text split-in-right\" data-wow-delay=\"ms\" data-wow-duration=\"1.2s\">\n\t\t\t<h3>Our advisory services.<\/h3>\t\t\t\t\t<\/h3>\n\t<\/div>\n<\/div>\n\t\t<\/div>\n\t\t\t\t<\/div>\n\t\t\t\t\t<\/div>\n\t\t<\/div>\n\t\t        <div class=\"elementor-column elementor-col-50 elementor-inner-column elementor-element elementor-element-e1663ee pxl-column-none\" data-id=\"e1663ee\" data-element_type=\"column\">\r\n            <div class=\"elementor-widget-wrap elementor-element-populated\">\r\n                                    \t\t<div class=\"elementor-element elementor-element-43f05d3 elementor-widget elementor-widget-pxl_text_editor\" data-id=\"43f05d3\" data-element_type=\"widget\" data-widget_type=\"pxl_text_editor.default\">\n\t\t\t\t<div class=\"elementor-widget-container\">\n\t\t\t<div class=\"pxl-text-editor\" data-wow-delay=\"ms\" data-wow-duration=\"1.2s\">\n\t<div class=\"pxl-item--inner\">\n\t\tOur advisory services include setting up the entity, assisting in legal and administrative procedures for structuring and launching the project, and ongoing advice during its development.\t<\/div>\n<\/div>\n\t\t<\/div>\n\t\t\t\t<\/div>\n\t\t\t\t\t<\/div>\n\t\t<\/div>\n\t\t\t\t\t\t\t<\/div>\n\t\t<\/section>\n\t\t\t\t<div class=\"elementor-element elementor-element-0470817 elementor-widget elementor-widget-pxl_image\" data-id=\"0470817\" data-element_type=\"widget\" data-widget_type=\"pxl_image.default\">\n\t\t\t\t<div class=\"elementor-widget-container\">\n\t\t\t<div class=\"pxl-image-single pxl-image-single1  divider-top\" data-wow-delay=\"ms\" data-wow-duration=\"1.2s\">\r\n                        <div class=\"pxl-item--inner\">\r\n                                    <img decoding=\"async\" width=\"900\" height=\"610\" src=\"https:\/\/i0.wp.com\/www.guerrerogarces.cl\/wp-content\/uploads\/2023\/08\/rsocial.jpg?fit=900%2C610&amp;ssl=1\" class=\"no-lazyload attachment-full\" alt=\"\" \/>                            <\/div>\r\n                <\/div>\t\t<\/div>\n\t\t\t\t<\/div>\n\t\t\t\t\t<\/div>\n\t\t<\/div>\n\t\t\t\t\t\t\t<\/div>\n\t\t<\/section>\n\t\t        <section class=\"elementor-section elementor-top-section elementor-element elementor-element-c41d916 pxl-section-bg-normal elementor-section-boxed elementor-section-height-default elementor-section-height-default pxl-row-scroll-none pxl-show-grid-none\" data-id=\"c41d916\" data-element_type=\"section\">\n\n                \n                <div class=\"elementor-container elementor-column-gap-default\">\n                <div class=\"elementor-column elementor-col-100 elementor-top-column elementor-element elementor-element-e4d256b pxl-column-none\" data-id=\"e4d256b\" data-element_type=\"column\">\r\n            <div class=\"elementor-widget-wrap elementor-element-populated\">\r\n                                    \t\t<div class=\"elementor-element elementor-element-d52aa55 elementor-widget elementor-widget-pxl_heading\" data-id=\"d52aa55\" data-element_type=\"widget\" data-widget_type=\"pxl_heading.default\">\n\t\t\t\t<div class=\"elementor-widget-container\">\n\t\t\t<div class=\"pxl-heading\">\n\t<div class=\"pxl-heading--inner\">\n\t\t\t\t<h2 class=\"pxl-item--title style1 divider-none\" data-wow-delay=\"ms\" data-wow-duration=\"1.2s\">\n\t\t\tWe collaborate with our clients in implementing their sponsorship works and investments in projects with social significance, advising them from a legal, strategic, and tax perspective.\t\t\t\t\t<\/h2>\n\t<\/div>\n<\/div>\n\t\t<\/div>\n\t\t\t\t<\/div>\n\t\t\t\t\t<\/div>\n\t\t<\/div>\n\t\t\t\t\t\t\t<\/div>\n\t\t<\/section>\n\t\t\t\t\t\t\t<\/div>","protected":false},"excerpt":{"rendered":"<p>Compromiso con nuestro entorno y la comunidad en general. Creemos que todo proyecto debe considerar, dentro de sus objetivos, el compromiso con nuestro entorno y la comunidad en general. Por esa raz\u00f3n, nuestro equipo asesora activamente a fundaciones y otras entidades sin fines de lucro de los m\u00e1s diversos objetos, as\u00ed como tambi\u00e9n a nuestros [&hellip;]<\/p>","protected":false},"author":1,"featured_media":0,"parent":0,"menu_order":0,"comment_status":"closed","ping_status":"closed","template":"","meta":{"om_disable_all_campaigns":false,"inline_featured_image":false,"_monsterinsights_skip_tracking":false,"_monsterinsights_sitenote_active":false,"_monsterinsights_sitenote_note":"","_monsterinsights_sitenote_category":0,"footnotes":""},"aioseo_notices":[],"jetpack_sharing_enabled":true,"jetpack_likes_enabled":true,"jetpack_shortlink":"https:\/\/wp.me\/Pf6KZ1-23a","_links":{"self":[{"href":"https:\/\/www.guerrerogarces.cl\/en\/wp-json\/wp\/v2\/pages\/7884"}],"collection":[{"href":"https:\/\/www.guerrerogarces.cl\/en\/wp-json\/wp\/v2\/pages"}],"about":[{"href":"https:\/\/www.guerrerogarces.cl\/en\/wp-json\/wp\/v2\/types\/page"}],"author":[{"embeddable":true,"href":"https:\/\/www.guerrerogarces.cl\/en\/wp-json\/wp\/v2\/users\/1"}],"replies":[{"embeddable":true,"href":"https:\/\/www.guerrerogarces.cl\/en\/wp-json\/wp\/v2\/comments?post=7884"}],"version-history":[{"count":21,"href":"https:\/\/www.guerrerogarces.cl\/en\/wp-json\/wp\/v2\/pages\/7884\/revisions"}],"predecessor-version":[{"id":10204,"href":"https:\/\/www.guerrerogarces.cl\/en\/wp-json\/wp\/v2\/pages\/7884\/revisions\/10204"}],"wp:attachment":[{"href":"https:\/\/www.guerrerogarces.cl\/en\/wp-json\/wp\/v2\/media?parent=7884"}],"curies":[{"name":"wp","href":"https:\/\/api.w.org\/{rel}","templated":true}]}}