{"id":7890,"date":"2023-08-01T16:57:51","date_gmt":"2023-08-01T14:57:51","guid":{"rendered":"https:\/\/www.guerrerogarces.cl\/?page_id=7890"},"modified":"2023-09-04T23:00:41","modified_gmt":"2023-09-04T21:00:41","slug":"postulaciones","status":"publish","type":"page","link":"https:\/\/www.guerrerogarces.cl\/en\/postulaciones\/","title":{"rendered":"Applications"},"content":{"rendered":"<div data-elementor-type=\"wp-page\" data-elementor-id=\"7890\" class=\"elementor elementor-7890\">\n\t\t\t\t\t\t\t        <section class=\"elementor-section elementor-top-section elementor-element elementor-element-a856b0c elementor-section-boxed elementor-section-height-default elementor-section-height-default pxl-row-scroll-none pxl-show-grid-none pxl-section-bg-none\" data-id=\"a856b0c\" data-element_type=\"section\">\n\n                \n                <div class=\"elementor-container elementor-column-gap-default\">\n                <div class=\"elementor-column elementor-col-100 elementor-top-column elementor-element elementor-element-659444f pxl-column-none\" data-id=\"659444f\" data-element_type=\"column\">\r\n            <div class=\"elementor-widget-wrap elementor-element-populated\">\r\n                                    \t\t<div class=\"elementor-element elementor-element-b65d4e8 elementor-widget elementor-widget-pxl_heading\" data-id=\"b65d4e8\" data-element_type=\"widget\" data-widget_type=\"pxl_heading.default\">\n\t\t\t\t<div class=\"elementor-widget-container\">\n\t\t\t<div class=\"pxl-heading\">\n\t<div class=\"pxl-heading--inner\">\n\t\t\t\t\t<div class=\"pxl-item--subtitle\" data-wow-delay=\"ms\" data-wow-duration=\"1.2s\"><span>APPLICATIONS<\/span><\/div>\n\t\t\t\t<h2 class=\"pxl-item--title style1 divider-none\" data-wow-delay=\"ms\" data-wow-duration=\"1.2s\">\n\t\t\t\t\t\t\t\t<\/h2>\n\t<\/div>\n<\/div>\n\t\t<\/div>\n\t\t\t\t<\/div>\n\t\t\t\t<div class=\"elementor-element elementor-element-8f5f7a1 elementor-widget elementor-widget-pxl_text_editor\" data-id=\"8f5f7a1\" data-element_type=\"widget\" data-widget_type=\"pxl_text_editor.default\">\n\t\t\t\t<div class=\"elementor-widget-container\">\n\t\t\t<div class=\"pxl-text-editor\" data-wow-delay=\"ms\" data-wow-duration=\"1.2s\">\n\t<div class=\"pxl-item--inner\">\n\t\t<p>We appreciate your interest in joining our team.<br \/>Those applying for the position of lawyer must upload their Ranking and Grade Concentration certificates.<\/p>\t<\/div>\n<\/div>\n\t\t<\/div>\n\t\t\t\t<\/div>\n\t\t\t\t\t<\/div>\n\t\t<\/div>\n\t\t\t\t\t\t\t<\/div>\n\t\t<\/section>\n\t\t        <section class=\"elementor-section elementor-top-section elementor-element elementor-element-0b521cb elementor-section-boxed elementor-section-height-default elementor-section-height-default pxl-row-scroll-none pxl-show-grid-none pxl-section-bg-none\" data-id=\"0b521cb\" data-element_type=\"section\">\n\n                \n                <div class=\"elementor-container elementor-column-gap-default\">\n                <div class=\"elementor-column elementor-col-33 elementor-top-column elementor-element elementor-element-69152aa pxl-column-none\" data-id=\"69152aa\" data-element_type=\"column\" data-settings=\"{&quot;background_background&quot;:&quot;classic&quot;}\">\r\n            <div class=\"elementor-widget-wrap\">\r\n                                    \t\t\t<\/div>\n\t\t<\/div>\n\t\t        <div class=\"elementor-column elementor-col-33 elementor-top-column elementor-element elementor-element-ddbaf2e pxl-column-none\" data-id=\"ddbaf2e\" data-element_type=\"column\" data-settings=\"{&quot;background_background&quot;:&quot;classic&quot;}\">\r\n            <div class=\"elementor-widget-wrap elementor-element-populated\">\r\n                                    \t\t<div class=\"elementor-element elementor-element-68dd254 elementor-widget elementor-widget-pxl_contact_form\" data-id=\"68dd254\" data-element_type=\"widget\" data-widget_type=\"pxl_contact_form.default\">\n\t\t\t\t<div class=\"elementor-widget-container\">\n\t\t\t    <div class=\"pxl-contact-form pxl-contact-form1 style2\" data-wow-delay=\"ms\" data-wow-duration=\"1.2s\">\r\n        \n<div class=\"wpcf7 no-js\" id=\"wpcf7-f8344-o1\" lang=\"es-ES\" dir=\"ltr\">\n<div class=\"screen-reader-response\"><p role=\"status\" aria-live=\"polite\" aria-atomic=\"true\"><\/p> <ul><\/ul><\/div>\n<form action=\"\/en\/wp-json\/wp\/v2\/pages\/7890#wpcf7-f8344-o1\" method=\"post\" class=\"wpcf7-form init\" aria-label=\"Formulario de contacto\" enctype=\"multipart\/form-data\" novalidate=\"novalidate\" data-status=\"init\" data-trp-original-action=\"\/en\/wp-json\/wp\/v2\/pages\/7890#wpcf7-f8344-o1\">\n<div style=\"display: none;\">\n<input type=\"hidden\" name=\"_wpcf7\" value=\"8344\" \/>\n<input type=\"hidden\" name=\"_wpcf7_version\" value=\"5.9.3\" \/>\n<input type=\"hidden\" name=\"_wpcf7_locale\" value=\"es_ES\" \/>\n<input type=\"hidden\" name=\"_wpcf7_unit_tag\" value=\"wpcf7-f8344-o1\" \/>\n<input type=\"hidden\" name=\"_wpcf7_container_post\" value=\"0\" \/>\n<input type=\"hidden\" name=\"_wpcf7_posted_data_hash\" value=\"\" \/>\n<input type=\"hidden\" name=\"_wpcf7cf_hidden_group_fields\" value=\"[]\" \/>\n<input type=\"hidden\" name=\"_wpcf7cf_hidden_groups\" value=\"[]\" \/>\n<input type=\"hidden\" name=\"_wpcf7cf_visible_groups\" value=\"[]\" \/>\n<input type=\"hidden\" name=\"_wpcf7cf_repeaters\" value=\"[]\" \/>\n<input type=\"hidden\" name=\"_wpcf7cf_steps\" value=\"{}\" \/>\n<input type=\"hidden\" name=\"_wpcf7cf_options\" value=\"{&quot;form_id&quot;:8344,&quot;conditions&quot;:[{&quot;then_field&quot;:&quot;grupo-abogado&quot;,&quot;and_rules&quot;:[{&quot;if_field&quot;:&quot;your-position&quot;,&quot;operator&quot;:&quot;equals&quot;,&quot;if_value&quot;:&quot;Abogado&quot;}]},{&quot;then_field&quot;:&quot;grupo-abogado-rank&quot;,&quot;and_rules&quot;:[{&quot;if_field&quot;:&quot;your-position&quot;,&quot;operator&quot;:&quot;equals&quot;,&quot;if_value&quot;:&quot;Abogado&quot;}]},{&quot;then_field&quot;:&quot;grupo-doc&quot;,&quot;and_rules&quot;:[{&quot;if_field&quot;:&quot;your-position&quot;,&quot;operator&quot;:&quot;equals&quot;,&quot;if_value&quot;:&quot;Auditor&quot;}]},{&quot;then_field&quot;:&quot;grupo-doc&quot;,&quot;and_rules&quot;:[{&quot;if_field&quot;:&quot;your-position&quot;,&quot;operator&quot;:&quot;equals&quot;,&quot;if_value&quot;:&quot;Abogado&quot;}]},{&quot;then_field&quot;:&quot;grupo-doc&quot;,&quot;and_rules&quot;:[{&quot;if_field&quot;:&quot;your-position&quot;,&quot;operator&quot;:&quot;equals&quot;,&quot;if_value&quot;:&quot;Procurador&quot;}]},{&quot;then_field&quot;:&quot;grupo-doc&quot;,&quot;and_rules&quot;:[{&quot;if_field&quot;:&quot;your-position&quot;,&quot;operator&quot;:&quot;equals&quot;,&quot;if_value&quot;:&quot;Administrativo&quot;}]},{&quot;then_field&quot;:&quot;grupo-abogado-notas&quot;,&quot;and_rules&quot;:[{&quot;if_field&quot;:&quot;your-position&quot;,&quot;operator&quot;:&quot;equals&quot;,&quot;if_value&quot;:&quot;Abogado&quot;}]},{&quot;then_field&quot;:&quot;grupo-abogado-rank&quot;,&quot;and_rules&quot;:[{&quot;if_field&quot;:&quot;your-position&quot;,&quot;operator&quot;:&quot;equals&quot;,&quot;if_value&quot;:&quot;Abogado&quot;}]}],&quot;settings&quot;:{&quot;animation&quot;:&quot;yes&quot;,&quot;animation_intime&quot;:200,&quot;animation_outtime&quot;:200,&quot;conditions_ui&quot;:&quot;normal&quot;,&quot;notice_dismissed&quot;:false}}\" \/>\n<input type=\"hidden\" name=\"_wpcf7_recaptcha_response\" value=\"\" \/>\n<\/div>\n<div class=\"wp-row-ctf7 contact-form-postulacion\">\n\t<div class=\"row input-contact\">\n\t\t<div class=\"col-12\">\n\t\t\t<p><label>FULL NAME<br \/>\n<span class=\"wpcf7-form-control-wrap\" data-name=\"your-name\"><input size=\"40\" class=\"wpcf7-form-control wpcf7-text wpcf7-validates-as-required\" aria-required=\"true\" aria-invalid=\"false\" value=\"\" type=\"text\" name=\"your-name\" \/><\/span><\/label>\n\t\t\t<\/p>\n\t\t<\/div>\n\t\t<div class=\"col-12\">\n\t\t\t<p><label>EMAIL ADDRESS<br \/>\n<span class=\"wpcf7-form-control-wrap\" data-name=\"your-email\"><input size=\"40\" class=\"wpcf7-form-control wpcf7-email wpcf7-validates-as-required wpcf7-text wpcf7-validates-as-email\" aria-required=\"true\" aria-invalid=\"false\" value=\"\" type=\"email\" name=\"your-email\" \/><\/span> <\/label>\n\t\t\t<\/p>\n\t\t<\/div>\n\t\t<div class=\"col-12\">\n\t\t\t<p><label>PHONE<br \/>\n<span class=\"wpcf7-form-control-wrap\" data-name=\"your-phone\"><input size=\"40\" class=\"wpcf7-form-control wpcf7-tel wpcf7-validates-as-required wpcf7-text wpcf7-validates-as-tel\" aria-required=\"true\" aria-invalid=\"false\" placeholder=\"+56\" value=\"\" type=\"tel\" name=\"your-phone\" \/><\/span> <\/label>\n\t\t\t<\/p>\n\t\t<\/div>\n\t\t<div class=\"col-12\">\n\t\t\t<p><label>DEGREE OR TITLE<br \/>\n<span class=\"wpcf7-form-control-wrap\" data-name=\"your-degree\"><input size=\"40\" class=\"wpcf7-form-control wpcf7-text wpcf7-validates-as-required\" aria-required=\"true\" aria-invalid=\"false\" value=\"\" type=\"text\" name=\"your-degree\" \/><\/span><\/label>\n\t\t\t<\/p>\n\t\t<\/div>\n\t\t<div class=\"col-12\" id=\"field-custom\">\n\t\t\t<p><label>POSITION YOU'RE APPLYING FOR<\/label><br \/>\n<span class=\"wpcf7-form-control-wrap\" data-name=\"your-position\"><span class=\"wpcf7-form-control wpcf7-radio\"><span class=\"wpcf7-list-item first\"><input type=\"radio\" name=\"your-position\" value=\"Auditor\" checked=\"checked\" \/><span class=\"wpcf7-list-item-label\">Auditor<\/span><\/span><span class=\"wpcf7-list-item\"><input type=\"radio\" name=\"your-position\" value=\"Abogado\" \/><span class=\"wpcf7-list-item-label\">Lawyer<\/span><\/span><span class=\"wpcf7-list-item\"><input type=\"radio\" name=\"your-position\" value=\"Procurador\" \/><span class=\"wpcf7-list-item-label\">Legal Clerk<\/span><\/span><span class=\"wpcf7-list-item last\"><input type=\"radio\" name=\"your-position\" value=\"Administrativo\" \/><span class=\"wpcf7-list-item-label\">Administrative<\/span><\/span><\/span><\/span>\n\t\t\t<\/p>\n\t\t<\/div>\n\t\t<div data-id=\"grupo-abogado\" data-orig_data_id=\"grupo-abogado\"  data-class=\"wpcf7cf_group\">\n\t\t\t<div class=\"col-12\">\n\t\t\t\t<p><label>RANKING<br \/>\n<span class=\"wpcf7-form-control-wrap\" data-name=\"your-ranking\"><input size=\"40\" class=\"wpcf7-form-control wpcf7-text wpcf7-validates-as-required\" aria-required=\"true\" aria-invalid=\"false\" value=\"\" type=\"text\" name=\"your-ranking\" \/><\/span><\/label>\n\t\t\t\t<\/p>\n\t\t\t<\/div>\n\t\t\t<div class=\"col-12\" id=\"field-custom\">\n\t\t\t\t<p><label>\u00c1REA DE PR\u00c1CTICA DE INTER\u00c9S<\/label><br \/>\n<span class=\"wpcf7-form-control-wrap\" data-name=\"area-practica\"><span class=\"wpcf7-form-control wpcf7-radio\"><span class=\"wpcf7-list-item first\"><input type=\"radio\" name=\"area-practica\" value=\"\u00c1rea Tributaria\" checked=\"checked\" \/><span class=\"wpcf7-list-item-label\">\u00c1rea Tributaria<\/span><\/span><span class=\"wpcf7-list-item\"><input type=\"radio\" name=\"area-practica\" value=\"Alto Patrimonio\" \/><span class=\"wpcf7-list-item-label\">Alto Patrimonio<\/span><\/span><span class=\"wpcf7-list-item\"><input type=\"radio\" name=\"area-practica\" value=\"Asesor\u00eda\" \/><span class=\"wpcf7-list-item-label\">Asesor\u00eda<\/span><\/span><span class=\"wpcf7-list-item\"><input type=\"radio\" name=\"area-practica\" value=\"Empresarial General\" \/><span class=\"wpcf7-list-item-label\">Empresarial General<\/span><\/span><span class=\"wpcf7-list-item\"><input type=\"radio\" name=\"area-practica\" value=\"Fusiones &amp; Adquisiciones\" \/><span class=\"wpcf7-list-item-label\">Fusiones &amp; Adquisiciones<\/span><\/span><span class=\"wpcf7-list-item last\"><input type=\"radio\" name=\"area-practica\" value=\"Banca &amp; Finanzas\" \/><span class=\"wpcf7-list-item-label\">Banca &amp; Finanzas<\/span><\/span><\/span><\/span>\n\t\t\t\t<\/p>\n\t\t\t<\/div>\n\t\t<\/div>\n\t\t<div data-id=\"grupo-doc\" data-orig_data_id=\"grupo-doc\"  data-class=\"wpcf7cf_group\">\n\t\t\t<div class=\"col-12\" id=\"field-custom\">\n\t\t\t\t<p><label>RESUME - RANKING CERTIFICATE - GRADE CONCENTRATION<br \/>\n<span class=\"wpcf7-form-control-wrap\" data-name=\"file-upload\"><input size=\"40\" class=\"wpcf7-form-control wpcf7-file wpcf7-validates-as-required\" accept=\".pdf,.jpg,.png,.doc,.docx\" aria-required=\"true\" aria-invalid=\"false\" type=\"file\" name=\"file-upload\" \/><\/span><\/label>\n\t\t\t\t<\/p>\n\t\t\t<\/div>\n\t\t<\/div>\n\t\t<div data-id=\"grupo-abogado-rank\" data-orig_data_id=\"grupo-abogado-rank\"  data-class=\"wpcf7cf_group\">\n\t\t\t<div class=\"col-12\" id=\"field-custom\">\n\t\t\t\t<p><label>CERTIFICADO DE RANKING<br \/>\n<span class=\"wpcf7-form-control-wrap\" data-name=\"file-ranking\"><input size=\"40\" class=\"wpcf7-form-control wpcf7-file wpcf7-validates-as-required\" accept=\".pdf,.jpg,.png,.doc,.docx\" aria-required=\"true\" aria-invalid=\"false\" type=\"file\" name=\"file-ranking\" \/><\/span><\/label>\n\t\t\t\t<\/p>\n\t\t\t<\/div>\n\t\t<\/div>\n\t\t<div data-id=\"grupo-abogado-notas\" data-orig_data_id=\"grupo-abogado-notas\"  data-class=\"wpcf7cf_group\">\n\t\t\t<div class=\"col-12\" id=\"field-custom\">\n\t\t\t\t<p><label>CONCENTRACI\u00d3N DE NOTAS<br \/>\n<span class=\"wpcf7-form-control-wrap\" data-name=\"file-concentracion\"><input size=\"40\" class=\"wpcf7-form-control wpcf7-file wpcf7-validates-as-required\" accept=\".pdf,.jpg,.png,.doc,.docx\" aria-required=\"true\" aria-invalid=\"false\" type=\"file\" name=\"file-concentracion\" \/><\/span><\/label>\n\t\t\t\t<\/p>\n\t\t\t<\/div>\n\t\t<\/div>\n\t<\/div>\n\t<div class=\"row button-contact\">\n\t\t<div class=\"col-12\">\n\t\t\t<div class=\"btn-form\">\n\t\t\t\t<p><input class=\"wpcf7-form-control wpcf7-submit has-spinner\" type=\"submit\" value=\"SEND\" \/>\n\t\t\t\t<\/p>\n\t\t\t<\/div>\n\t\t<\/div>\n\t<\/div>\n<\/div><div class=\"wpcf7-response-output\" aria-hidden=\"true\"><\/div>\n<input type=\"hidden\" name=\"trp-form-language\" value=\"en\"\/><\/form>\n<\/div>\n    <\/div>\r\n\t\t<\/div>\n\t\t\t\t<\/div>\n\t\t\t\t\t<\/div>\n\t\t<\/div>\n\t\t        <div class=\"elementor-column elementor-col-33 elementor-top-column elementor-element elementor-element-ea3a6ea pxl-column-none\" data-id=\"ea3a6ea\" data-element_type=\"column\">\r\n            <div class=\"elementor-widget-wrap\">\r\n                                    \t\t\t<\/div>\n\t\t<\/div>\n\t\t\t\t\t\t\t<\/div>\n\t\t<\/section>\n\t\t        <section class=\"elementor-section elementor-top-section elementor-element elementor-element-1dc7c8d elementor-section-boxed elementor-section-height-default elementor-section-height-default pxl-row-scroll-none pxl-show-grid-none pxl-section-bg-none\" data-id=\"1dc7c8d\" data-element_type=\"section\">\n\n                \n                <div class=\"elementor-container elementor-column-gap-default\">\n                <div class=\"elementor-column elementor-col-100 elementor-top-column elementor-element elementor-element-88ba2bc pxl-column-none\" data-id=\"88ba2bc\" data-element_type=\"column\">\r\n            <div class=\"elementor-widget-wrap elementor-element-populated\">\r\n                                    \t\t<div class=\"elementor-element elementor-element-8c2c15e elementor-widget elementor-widget-spacer\" data-id=\"8c2c15e\" data-element_type=\"widget\" data-widget_type=\"spacer.default\">\n\t\t\t\t<div class=\"elementor-widget-container\">\n\t\t\t<style>\/*! elementor - v3.18.0 - 20-12-2023 *\/\n.elementor-column .elementor-spacer-inner{height:var(--spacer-size)}.e-con{--container-widget-width:100%}.e-con-inner>.elementor-widget-spacer,.e-con>.elementor-widget-spacer{width:var(--container-widget-width,var(--spacer-size));--align-self:var(--container-widget-align-self,initial);--flex-shrink:0}.e-con-inner>.elementor-widget-spacer>.elementor-widget-container,.e-con>.elementor-widget-spacer>.elementor-widget-container{height:100%;width:100%}.e-con-inner>.elementor-widget-spacer>.elementor-widget-container>.elementor-spacer,.e-con>.elementor-widget-spacer>.elementor-widget-container>.elementor-spacer{height:100%}.e-con-inner>.elementor-widget-spacer>.elementor-widget-container>.elementor-spacer>.elementor-spacer-inner,.e-con>.elementor-widget-spacer>.elementor-widget-container>.elementor-spacer>.elementor-spacer-inner{height:var(--container-widget-height,var(--spacer-size))}.e-con-inner>.elementor-widget-spacer.elementor-widget-empty,.e-con>.elementor-widget-spacer.elementor-widget-empty{position:relative;min-height:22px;min-width:22px}.e-con-inner>.elementor-widget-spacer.elementor-widget-empty .elementor-widget-empty-icon,.e-con>.elementor-widget-spacer.elementor-widget-empty .elementor-widget-empty-icon{position:absolute;top:0;bottom:0;left:0;right:0;margin:auto;padding:0;width:22px;height:22px}<\/style>\t\t<div class=\"elementor-spacer\">\n\t\t\t<div class=\"elementor-spacer-inner\"><\/div>\n\t\t<\/div>\n\t\t\t\t<\/div>\n\t\t\t\t<\/div>\n\t\t\t\t\t<\/div>\n\t\t<\/div>\n\t\t\t\t\t\t\t<\/div>\n\t\t<\/section>\n\t\t\t\t\t\t\t<\/div>","protected":false},"excerpt":{"rendered":"<p>POSTULACIONES Agradecemos tu inter\u00e9s por integrarte a nuestro equipo.Quienes postulen al cargo de abogado deben enviar digitalizados sus certificados de Ranking y Concentraci\u00f3n de Notas. NOMBRE COMPLETO CORREO ELECTR\u00d3NICO TEL\u00c9FONO T\u00cdTULO O GRADO CARGO AL QUE APLICA AuditorAbogadoProcuradorAdministrativo RANKING \u00c1REA DE PR\u00c1CTICA DE INTER\u00c9S \u00c1rea TributariaAlto PatrimonioAsesor\u00edaEmpresarial GeneralFusiones &amp; AdquisicionesBanca &amp; Finanzas CURR\u00cdCULUM &#8211; CERTIFICADO [&hellip;]<\/p>","protected":false},"author":1,"featured_media":0,"parent":0,"menu_order":0,"comment_status":"closed","ping_status":"closed","template":"","meta":{"om_disable_all_campaigns":false,"inline_featured_image":false,"_monsterinsights_skip_tracking":false,"_monsterinsights_sitenote_active":false,"_monsterinsights_sitenote_note":"","_monsterinsights_sitenote_category":0,"footnotes":""},"aioseo_notices":[],"jetpack_sharing_enabled":true,"jetpack_likes_enabled":true,"jetpack_shortlink":"https:\/\/wp.me\/Pf6KZ1-23g","_links":{"self":[{"href":"https:\/\/www.guerrerogarces.cl\/en\/wp-json\/wp\/v2\/pages\/7890"}],"collection":[{"href":"https:\/\/www.guerrerogarces.cl\/en\/wp-json\/wp\/v2\/pages"}],"about":[{"href":"https:\/\/www.guerrerogarces.cl\/en\/wp-json\/wp\/v2\/types\/page"}],"author":[{"embeddable":true,"href":"https:\/\/www.guerrerogarces.cl\/en\/wp-json\/wp\/v2\/users\/1"}],"replies":[{"embeddable":true,"href":"https:\/\/www.guerrerogarces.cl\/en\/wp-json\/wp\/v2\/comments?post=7890"}],"version-history":[{"count":44,"href":"https:\/\/www.guerrerogarces.cl\/en\/wp-json\/wp\/v2\/pages\/7890\/revisions"}],"predecessor-version":[{"id":9297,"href":"https:\/\/www.guerrerogarces.cl\/en\/wp-json\/wp\/v2\/pages\/7890\/revisions\/9297"}],"wp:attachment":[{"href":"https:\/\/www.guerrerogarces.cl\/en\/wp-json\/wp\/v2\/media?parent=7890"}],"curies":[{"name":"wp","href":"https:\/\/api.w.org\/{rel}","templated":true}]}}