{"id":8409,"date":"2023-08-03T19:23:57","date_gmt":"2023-08-03T17:23:57","guid":{"rendered":"https:\/\/www.guerrerogarces.cl\/?page_id=8409"},"modified":"2023-08-03T19:27:55","modified_gmt":"2023-08-03T17:27:55","slug":"jose-antonio-silva","status":"publish","type":"page","link":"https:\/\/www.guerrerogarces.cl\/en\/jose-antonio-silva\/","title":{"rendered":"Jose Antonio Silva"},"content":{"rendered":"<div data-elementor-type=\"wp-page\" data-elementor-id=\"8409\" class=\"elementor elementor-8409\">\n\t\t\t\t\t\t\t        <section class=\"elementor-section elementor-top-section elementor-element elementor-element-75111a2 elementor-section-boxed elementor-section-height-default elementor-section-height-default pxl-row-scroll-none pxl-show-grid-none pxl-section-bg-none\" data-id=\"75111a2\" data-element_type=\"section\">\n\n                \n                <div class=\"elementor-container elementor-column-gap-default\">\n                <div class=\"elementor-column elementor-col-50 elementor-top-column elementor-element elementor-element-34e480a pxl-column-none\" data-id=\"34e480a\" data-element_type=\"column\">\r\n            <div class=\"elementor-widget-wrap elementor-element-populated\">\r\n                                    \t\t<div class=\"elementor-element elementor-element-de8f0c5 elementor-widget elementor-widget-pxl_image_box\" data-id=\"de8f0c5\" data-element_type=\"widget\" data-widget_type=\"pxl_image_box.default\">\n\t\t\t\t<div class=\"elementor-widget-container\">\n\t\t\t<div class=\"pxl-image-box pxl-image-box1\" data-wow-delay=\"ms\" data-wow-duration=\"1.2s\">\r\n    <div class=\"pxl-item--inner\">\r\n                                <div class=\"canvas\"><\/div>\r\n            <div class=\"item--image\">\r\n                                    <img decoding=\"async\" src=\"https:\/\/i0.wp.com\/www.guerrerogarces.cl\/wp-content\/uploads\/2023\/08\/Jose-Antonio-Silva.png?w=1200&#038;ssl=1\" class=\"image-front attachment-full\" alt=\"image front\" data-sampler=\"texture0\" crossorigin=\"anonymous\" data-recalc-dims=\"1\">\r\n                    <img decoding=\"async\" src=\"https:\/\/i0.wp.com\/www.guerrerogarces.cl\/wp-content\/uploads\/2023\/08\/Jose-Antonio-Silva.png?w=1200&#038;ssl=1\" class=\"image-back attachment-full\" alt=\"image back\" data-sampler=\"texture1\" crossorigin=\"anonymous\" data-recalc-dims=\"1\">\r\n                    <img decoding=\"async\" src=\"https:\/\/i0.wp.com\/www.guerrerogarces.cl\/wp-content\/themes\/mrittik\/assets\/img\/displacements-04.jpg?w=1200&#038;ssl=1\" class=\"map\" alt=\"image displacements\" data-sampler=\"map\" crossorigin=\"anonymous\" data-recalc-dims=\"1\">\r\n                            <\/div>\r\n            <\/div>\r\n<\/div>\t\t<\/div>\n\t\t\t\t<\/div>\n\t\t\t\t<div class=\"elementor-element elementor-element-d1fd5ea elementor-widget elementor-widget-pxl_list\" data-id=\"d1fd5ea\" data-element_type=\"widget\" data-widget_type=\"pxl_list.default\">\n\t\t\t\t<div class=\"elementor-widget-container\">\n\t\t\t    <div class=\"pxl-list style1\" data-wow-delay=\"ms\" data-wow-duration=\"1.2s\">\r\n                <ul class=\"pxl-item--list\">\r\n                            <li class=\"pxl-list--content\">\r\n                                                                <a href=\"mailto:jilva@guerrerogarces.cl\">\r\n                            Contacto: jilva@guerrerogarces.cl                        <\/a>\r\n                                    <\/li>\r\n                            <li class=\"pxl-list--content\">\r\n                                                                <a href=\"tel: 56224055363\">\r\n                            +56224055363                        <\/a>\r\n                                    <\/li>\r\n                    <\/ul>\r\n    <\/div>\r\n\t\t<\/div>\n\t\t\t\t<\/div>\n\t\t\t\t<div class=\"elementor-element elementor-element-9096ace elementor-widget elementor-widget-pxl_icon\" data-id=\"9096ace\" data-element_type=\"widget\" data-widget_type=\"pxl_icon.default\">\n\t\t\t\t<div class=\"elementor-widget-container\">\n\t\t\t    <div class=\"pxl-icon1 style2 pxl-inline-block\">\r\n        <div class=\"inner-layout\">\r\n                                                <a class=\"elementor-repeater-item-dd2b83a\" href=\"#\" data-wow-delay=\"ms\" data-wow-duration=\"1.2s\">\r\n                        <i aria-hidden=\"true\" class=\"bootstrap-icons bi-linkedin\"><\/i>                    <\/a>\r\n                                                    <\/div>\r\n    <\/div>\r\n\t\t<\/div>\n\t\t\t\t<\/div>\n\t\t\t\t<div class=\"elementor-element elementor-element-1ae62f7 elementor-widget elementor-widget-pxl_list\" data-id=\"1ae62f7\" data-element_type=\"widget\" data-widget_type=\"pxl_list.default\">\n\t\t\t\t<div class=\"elementor-widget-container\">\n\t\t\t    <div class=\"pxl-list style1\" data-wow-delay=\"ms\" data-wow-duration=\"1.2s\">\r\n                    <h6 class=\"pxl-item--title el-empty\">\r\n                Languages                <span class=\"title-line\"><\/span>\r\n            <\/h6>\r\n                <ul class=\"pxl-item--list\">\r\n                            <li class=\"pxl-list--content\">\r\n                                            <span>Spanish<\/span>\r\n                                                        <\/li>\r\n                            <li class=\"pxl-list--content\">\r\n                                            <span>English<\/span>\r\n                                                        <\/li>\r\n                    <\/ul>\r\n    <\/div>\r\n\t\t<\/div>\n\t\t\t\t<\/div>\n\t\t\t\t\t<\/div>\n\t\t<\/div>\n\t\t        <div class=\"elementor-column elementor-col-50 elementor-top-column elementor-element elementor-element-6f8faaa pxl-column-none\" data-id=\"6f8faaa\" data-element_type=\"column\">\r\n            <div class=\"elementor-widget-wrap elementor-element-populated\">\r\n                                    \t\t<div class=\"elementor-element elementor-element-d758243 elementor-widget elementor-widget-pxl_heading\" data-id=\"d758243\" data-element_type=\"widget\" data-widget_type=\"pxl_heading.default\">\n\t\t\t\t<div class=\"elementor-widget-container\">\n\t\t\t<div class=\"pxl-heading\">\n\t<div class=\"pxl-heading--inner\">\n\t\t\t\t<h2 class=\"pxl-item--title style1 divider-none pxl-split-text split-in-right\" data-wow-delay=\"ms\" data-wow-duration=\"1.2s\">\n\t\t\tJose Antonio Silva\t\t\t\t\t<\/h2>\n\t<\/div>\n<\/div>\n\t\t<\/div>\n\t\t\t\t<\/div>\n\t\t\t\t<div class=\"elementor-element elementor-element-9553f42 elementor-widget elementor-widget-pxl_heading\" data-id=\"9553f42\" data-element_type=\"widget\" data-widget_type=\"pxl_heading.default\">\n\t\t\t\t<div class=\"elementor-widget-container\">\n\t\t\t<div class=\"pxl-heading\">\n\t<div class=\"pxl-heading--inner\">\n\t\t\t\t<h5 class=\"pxl-item--title style1 divider-right pxl-split-text split-in-right\" data-wow-delay=\"ms\" data-wow-duration=\"1.2s\">\n\t\t\tAssociate\t\t\t\t\t<\/h5>\n\t<\/div>\n<\/div>\n\t\t<\/div>\n\t\t\t\t<\/div>\n\t\t\t\t<div class=\"elementor-element elementor-element-02a9851 elementor-widget elementor-widget-pxl_text_editor\" data-id=\"02a9851\" data-element_type=\"widget\" data-widget_type=\"pxl_text_editor.default\">\n\t\t\t\t<div class=\"elementor-widget-container\">\n\t\t\t<div class=\"pxl-text-editor\" data-wow-delay=\"ms\" data-wow-duration=\"1.2s\">\n\t<div class=\"pxl-item--inner\">\n\t\tAbogado especialista en diversas materias corporativas. Jos\u00e9 Antonio asesora a empresas, grupos familiares y personas, tanto en Chile como en el extranjero.\t<\/div>\n<\/div>\n\t\t<\/div>\n\t\t\t\t<\/div>\n\t\t\t\t<div class=\"elementor-element elementor-element-6d73bbf elementor-widget elementor-widget-pxl_list\" data-id=\"6d73bbf\" data-element_type=\"widget\" data-widget_type=\"pxl_list.default\">\n\t\t\t\t<div class=\"elementor-widget-container\">\n\t\t\t    <div class=\"pxl-list style1\" data-wow-delay=\"ms\" data-wow-duration=\"1.2s\">\r\n                    <h6 class=\"pxl-item--title el-empty\">\r\n                PRACTICE AREAS                <span class=\"title-line\"><\/span>\r\n            <\/h6>\r\n                <ul class=\"pxl-item--list\">\r\n                            <li class=\"pxl-list--content\">\r\n                                            <span>Corporate Law<\/span>\r\n                                                        <\/li>\r\n                            <li class=\"pxl-list--content\">\r\n                                            <span>Real Estate<\/span>\r\n                                                        <\/li>\r\n                            <li class=\"pxl-list--content\">\r\n                                            <span>Family Corporate Governance<\/span>\r\n                                                        <\/li>\r\n                    <\/ul>\r\n    <\/div>\r\n\t\t<\/div>\n\t\t\t\t<\/div>\n\t\t\t\t<div class=\"elementor-element elementor-element-99fe989 elementor-widget elementor-widget-pxl_list\" data-id=\"99fe989\" data-element_type=\"widget\" data-widget_type=\"pxl_list.default\">\n\t\t\t\t<div class=\"elementor-widget-container\">\n\t\t\t    <div class=\"pxl-list style1\" data-wow-delay=\"ms\" data-wow-duration=\"1.2s\">\r\n                    <h6 class=\"pxl-item--title el-empty\">\r\n                EDUCATION                <span class=\"title-line\"><\/span>\r\n            <\/h6>\r\n                <ul class=\"pxl-item--list\">\r\n                            <li class=\"pxl-list--content\">\r\n                                            <span>Derecho, Universidad Diego Portales, Santiago, Chile (2020)<\/span>\r\n                                                        <\/li>\r\n                    <\/ul>\r\n    <\/div>\r\n\t\t<\/div>\n\t\t\t\t<\/div>\n\t\t\t\t<div class=\"elementor-element elementor-element-594643e elementor-widget elementor-widget-pxl_list\" data-id=\"594643e\" data-element_type=\"widget\" data-widget_type=\"pxl_list.default\">\n\t\t\t\t<div class=\"elementor-widget-container\">\n\t\t\t    <div class=\"pxl-list style1\" data-wow-delay=\"ms\" data-wow-duration=\"1.2s\">\r\n                    <h6 class=\"pxl-item--title el-empty\">\r\n                PROFESSIONAL EXPERIENCE                <span class=\"title-line\"><\/span>\r\n            <\/h6>\r\n                <ul class=\"pxl-item--list\">\r\n                            <li class=\"pxl-list--content\">\r\n                                            <span>Procurador, Guerrero Garc\u00e9s (2018)<\/span>\r\n                                                        <\/li>\r\n                    <\/ul>\r\n    <\/div>\r\n\t\t<\/div>\n\t\t\t\t<\/div>\n\t\t\t\t\t<\/div>\n\t\t<\/div>\n\t\t\t\t\t\t\t<\/div>\n\t\t<\/section>\n\t\t\t\t\t\t\t<\/div>","protected":false},"excerpt":{"rendered":"<p>Contacto: jilva@guerrerogarces.cl +56224055363 IDIOMAS Espa\u00f1ol Ingl\u00e9s Jose Antonio Silva Asociado Abogado especialista en diversas materias corporativas. Jos\u00e9 Antonio asesora a empresas, grupos familiares y personas, tanto en Chile como en el extranjero. ESPECIALIDADES Derecho Corporativo Derecho Inmobiliario Gobierno Corporativo Familiar EDUCACI\u00d3N Derecho, Universidad Diego Portales, Santiago, Chile (2020) EXPERIENCIA PROFESIONAL Procurador, Guerrero Garc\u00e9s (2018)<\/p>","protected":false},"author":1,"featured_media":0,"parent":0,"menu_order":0,"comment_status":"closed","ping_status":"closed","template":"","meta":{"om_disable_all_campaigns":false,"inline_featured_image":false,"_monsterinsights_skip_tracking":false,"_monsterinsights_sitenote_active":false,"_monsterinsights_sitenote_note":"","_monsterinsights_sitenote_category":0,"footnotes":""},"aioseo_notices":[],"jetpack_sharing_enabled":true,"jetpack_likes_enabled":true,"jetpack_shortlink":"https:\/\/wp.me\/Pf6KZ1-2bD","_links":{"self":[{"href":"https:\/\/www.guerrerogarces.cl\/en\/wp-json\/wp\/v2\/pages\/8409"}],"collection":[{"href":"https:\/\/www.guerrerogarces.cl\/en\/wp-json\/wp\/v2\/pages"}],"about":[{"href":"https:\/\/www.guerrerogarces.cl\/en\/wp-json\/wp\/v2\/types\/page"}],"author":[{"embeddable":true,"href":"https:\/\/www.guerrerogarces.cl\/en\/wp-json\/wp\/v2\/users\/1"}],"replies":[{"embeddable":true,"href":"https:\/\/www.guerrerogarces.cl\/en\/wp-json\/wp\/v2\/comments?post=8409"}],"version-history":[{"count":4,"href":"https:\/\/www.guerrerogarces.cl\/en\/wp-json\/wp\/v2\/pages\/8409\/revisions"}],"predecessor-version":[{"id":8413,"href":"https:\/\/www.guerrerogarces.cl\/en\/wp-json\/wp\/v2\/pages\/8409\/revisions\/8413"}],"wp:attachment":[{"href":"https:\/\/www.guerrerogarces.cl\/en\/wp-json\/wp\/v2\/media?parent=8409"}],"curies":[{"name":"wp","href":"https:\/\/api.w.org\/{rel}","templated":true}]}}